{"id":227,"date":"2024-02-10T14:56:59","date_gmt":"2024-02-10T14:56:59","guid":{"rendered":"https:\/\/germany-philippines-eutech-wordpress.rz.mup-digital.com\/?page_id=227"},"modified":"2025-03-03T16:00:43","modified_gmt":"2025-03-03T16:00:43","slug":"our-projects","status":"publish","type":"page","link":"https:\/\/icc.eutech.org\/de\/our-projects\/","title":{"rendered":"Our Projects"},"content":{"rendered":"<div data-elementor-type=\"wp-page\" data-elementor-id=\"227\" class=\"elementor elementor-227\" data-elementor-post-type=\"page\">\n\t\t\t\t<div class=\"elementor-element elementor-element-863bd7d e-flex e-con-boxed e-con e-parent\" data-id=\"863bd7d\" data-element_type=\"container\" data-settings=\"{&quot;background_background&quot;:&quot;classic&quot;}\">\n\t\t\t\t\t<div class=\"e-con-inner\">\n\t\t\t\t<div class=\"elementor-element elementor-element-2a78067 elementor-widget elementor-widget-heading\" data-id=\"2a78067\" data-element_type=\"widget\" data-widget_type=\"heading.default\">\n\t\t\t\t<div class=\"elementor-widget-container\">\n\t\t\t\t\t<h1 class=\"elementor-heading-title elementor-size-default\">Projekte<\/h1>\t\t\t\t<\/div>\n\t\t\t\t<\/div>\n\t\t\t\t\t<\/div>\n\t\t\t\t<\/div>\n\t\t<div class=\"elementor-element elementor-element-497bcd7 e-flex e-con-boxed e-con e-parent\" data-id=\"497bcd7\" data-element_type=\"container\">\n\t\t\t\t\t<div class=\"e-con-inner\">\n\t\t<div class=\"elementor-element elementor-element-2093d72 e-con-full e-flex e-con e-child\" data-id=\"2093d72\" data-element_type=\"container\">\n\t\t\t\t<div class=\"elementor-element elementor-element-42452e5 elementor-widget elementor-widget-heading\" data-id=\"42452e5\" data-element_type=\"widget\" data-widget_type=\"heading.default\">\n\t\t\t\t<div class=\"elementor-widget-container\">\n\t\t\t\t\t<h4 class=\"elementor-heading-title elementor-size-default\">Laufende Projekte<\/h4>\t\t\t\t<\/div>\n\t\t\t\t<\/div>\n\t\t\t\t<div class=\"elementor-element elementor-element-0d1c385 elementor-grid-3 elementor-grid-tablet-2 elementor-grid-mobile-1 elementor-widget elementor-widget-loop-grid\" data-id=\"0d1c385\" data-element_type=\"widget\" data-settings=\"{&quot;template_id&quot;:136,&quot;columns&quot;:3,&quot;_skin&quot;:&quot;post&quot;,&quot;columns_tablet&quot;:&quot;2&quot;,&quot;columns_mobile&quot;:&quot;1&quot;,&quot;edit_handle_selector&quot;:&quot;[data-elementor-type=\\&quot;loop-item\\&quot;]&quot;,&quot;row_gap&quot;:{&quot;unit&quot;:&quot;px&quot;,&quot;size&quot;:&quot;&quot;,&quot;sizes&quot;:[]},&quot;row_gap_tablet&quot;:{&quot;unit&quot;:&quot;px&quot;,&quot;size&quot;:&quot;&quot;,&quot;sizes&quot;:[]},&quot;row_gap_mobile&quot;:{&quot;unit&quot;:&quot;px&quot;,&quot;size&quot;:&quot;&quot;,&quot;sizes&quot;:[]}}\" data-widget_type=\"loop-grid.post\">\n\t\t\t\t<div class=\"elementor-widget-container\">\n\t\t\t\t\t\t\t<div class=\"elementor-loop-container elementor-grid\">\n\t\t<style id=\"loop-136\">.elementor-136 .elementor-element.elementor-element-5c12c1f{--display:flex;border-style:solid;--border-style:solid;border-width:1px 1px 1px 1px;--border-top-width:1px;--border-right-width:1px;--border-bottom-width:1px;--border-left-width:1px;border-color:#F1F1F1;--border-color:#F1F1F1;--border-radius:5px 5px 5px 5px;--padding-top:0px;--padding-bottom:30px;--padding-left:0px;--padding-right:0px;}.elementor-136 .elementor-element.elementor-element-5c12c1f:not(.elementor-motion-effects-element-type-background), .elementor-136 .elementor-element.elementor-element-5c12c1f > .elementor-motion-effects-container > .elementor-motion-effects-layer{background-color:#A3A3A30F;}.elementor-136 .elementor-element.elementor-element-d48a3f2{width:var( --container-widget-width, 100% );max-width:100%;--container-widget-width:100%;--container-widget-flex-grow:0;}.elementor-136 .elementor-element.elementor-element-d48a3f2 img{height:300px;object-fit:cover;object-position:center center;border-radius:5px 5px 0px 0px;}.elementor-136 .elementor-element.elementor-element-054b954{width:var( --container-widget-width, 90% );max-width:90%;--container-widget-width:90%;--container-widget-flex-grow:0;}.elementor-136 .elementor-element.elementor-element-054b954.elementor-element{--align-self:center;}.elementor-136 .elementor-element.elementor-element-054b954 .elementor-heading-title{font-family:\"Roboto Slab\", Sans-serif;font-size:20px;font-weight:400;line-height:30px;color:#222222;}.elementor-136 .elementor-element.elementor-element-ffaa316 .elementor-button{background-color:#2556B600;font-family:\"Roboto\", Sans-serif;font-size:14px;font-weight:500;text-transform:uppercase;line-height:17px;letter-spacing:1px;fill:var( --e-global-color-vamtam_accent_8 );color:var( --e-global-color-vamtam_accent_8 );padding:0px 0px 0px 0px;}.elementor-136 .elementor-element.elementor-element-ffaa316{width:var( --container-widget-width, 90% );max-width:90%;--container-widget-width:90%;--container-widget-flex-grow:0;}.elementor-136 .elementor-element.elementor-element-ffaa316 > .elementor-widget-container{margin:15px 0px 0px 0px;}.elementor-136 .elementor-element.elementor-element-ffaa316.elementor-element{--align-self:center;}<\/style>\t\t<div data-elementor-type=\"loop-item\" data-elementor-id=\"136\" class=\"elementor elementor-136 e-loop-item e-loop-item-433 post-433 project type-project status-publish has-post-thumbnail hentry category-upcoming-events\" data-elementor-post-type=\"elementor_library\" data-custom-edit-handle=\"1\">\n\t\t\t<div class=\"elementor-element elementor-element-5c12c1f e-flex e-con-boxed e-con e-parent\" data-id=\"5c12c1f\" data-element_type=\"container\" data-settings=\"{&quot;background_background&quot;:&quot;classic&quot;}\">\n\t\t\t\t\t<div class=\"e-con-inner\">\n\t\t\t\t<div class=\"elementor-element elementor-element-d48a3f2 elementor-widget__width-initial elementor-widget elementor-widget-theme-post-featured-image elementor-widget-image\" data-id=\"d48a3f2\" data-element_type=\"widget\" data-widget_type=\"theme-post-featured-image.default\">\n\t\t\t\t<div class=\"elementor-widget-container\">\n\t\t\t\t\t\t\t\t\t\t\t\t\t\t\t\t<a href=\"https:\/\/icc.eutech.org\/de\/project\/philippines-transforming-education-laptops-for-aid-project\/\">\n\t\t\t\t\t\t\t<img fetchpriority=\"high\" decoding=\"async\" width=\"800\" height=\"534\" src=\"https:\/\/icc.eutech.org\/wp-content\/uploads\/2025\/03\/12819-1024x684.jpg\" class=\"attachment-large size-large wp-image-468\" alt=\"\" srcset=\"https:\/\/icc.eutech.org\/wp-content\/uploads\/2025\/03\/12819-1024x684.jpg 1024w, https:\/\/icc.eutech.org\/wp-content\/uploads\/2025\/03\/12819-300x200.jpg 300w, https:\/\/icc.eutech.org\/wp-content\/uploads\/2025\/03\/12819-768x513.jpg 768w, https:\/\/icc.eutech.org\/wp-content\/uploads\/2025\/03\/12819-1536x1025.jpg 1536w, https:\/\/icc.eutech.org\/wp-content\/uploads\/2025\/03\/12819.jpg 2000w\" sizes=\"(max-width: 800px) 100vw, 800px\" \/>\t\t\t\t\t\t\t\t<\/a>\n\t\t\t\t\t\t\t\t\t\t\t\t\t\t\t<\/div>\n\t\t\t\t<\/div>\n\t\t\t\t<div class=\"elementor-element elementor-element-054b954 elementor-widget__width-initial elementor-widget elementor-widget-theme-post-title elementor-page-title elementor-widget-heading\" data-id=\"054b954\" data-element_type=\"widget\" data-widget_type=\"theme-post-title.default\">\n\t\t\t\t<div class=\"elementor-widget-container\">\n\t\t\t\t\t<h3 class=\"elementor-heading-title elementor-size-default\"><a href=\"https:\/\/icc.eutech.org\/de\/project\/philippines-transforming-education-laptops-for-aid-project\/\">Philippinen - Bildung im Wandel: Projekt \"Laptops f\u00fcr Hilfe<\/a><\/h3>\t\t\t\t<\/div>\n\t\t\t\t<\/div>\n\t\t\t\t<div class=\"elementor-element elementor-element-ffaa316 elementor-widget__width-initial elementor-widget elementor-widget-button\" data-id=\"ffaa316\" data-element_type=\"widget\" data-widget_type=\"button.default\">\n\t\t\t\t<div class=\"elementor-widget-container\">\n\t\t\t\t\t\t\t\t\t<div class=\"elementor-button-wrapper\">\n\t\t\t\t\t<a class=\"elementor-button elementor-button-link elementor-size-sm\" href=\"https:\/\/icc.eutech.org\/de\/project\/philippines-transforming-education-laptops-for-aid-project\/\">\n\t\t\t\t\t\t<span class=\"elementor-button-content-wrapper\">\n\t\t\t\t\t\t\t\t\t<span class=\"elementor-button-text\">Mehr lesen<\/span>\n\t\t\t\t\t<\/span>\n\t\t\t\t\t<\/a>\n\t\t\t\t<\/div>\n\t\t\t\t\t\t\t\t<\/div>\n\t\t\t\t<\/div>\n\t\t\t\t\t<\/div>\n\t\t\t\t<\/div>\n\t\t\t\t<\/div>\n\t\t\t\t<div data-elementor-type=\"loop-item\" data-elementor-id=\"136\" class=\"elementor elementor-136 e-loop-item e-loop-item-431 post-431 project type-project status-publish has-post-thumbnail hentry category-upcoming-events\" data-elementor-post-type=\"elementor_library\" data-custom-edit-handle=\"1\">\n\t\t\t<div class=\"elementor-element elementor-element-5c12c1f e-flex e-con-boxed e-con e-parent\" data-id=\"5c12c1f\" data-element_type=\"container\" data-settings=\"{&quot;background_background&quot;:&quot;classic&quot;}\">\n\t\t\t\t\t<div class=\"e-con-inner\">\n\t\t\t\t<div class=\"elementor-element elementor-element-d48a3f2 elementor-widget__width-initial elementor-widget elementor-widget-theme-post-featured-image elementor-widget-image\" data-id=\"d48a3f2\" data-element_type=\"widget\" data-widget_type=\"theme-post-featured-image.default\">\n\t\t\t\t<div class=\"elementor-widget-container\">\n\t\t\t\t\t\t\t\t\t\t\t\t\t\t\t\t<a href=\"https:\/\/icc.eutech.org\/de\/project\/philippines-enabling-access-to-clean-water\/\">\n\t\t\t\t\t\t\t<img decoding=\"async\" width=\"800\" height=\"534\" src=\"https:\/\/icc.eutech.org\/wp-content\/uploads\/2025\/03\/3888-1024x684.jpg\" class=\"attachment-large size-large wp-image-436\" alt=\"\" srcset=\"https:\/\/icc.eutech.org\/wp-content\/uploads\/2025\/03\/3888-1024x684.jpg 1024w, https:\/\/icc.eutech.org\/wp-content\/uploads\/2025\/03\/3888-300x200.jpg 300w, https:\/\/icc.eutech.org\/wp-content\/uploads\/2025\/03\/3888-768x513.jpg 768w, https:\/\/icc.eutech.org\/wp-content\/uploads\/2025\/03\/3888-1536x1025.jpg 1536w, https:\/\/icc.eutech.org\/wp-content\/uploads\/2025\/03\/3888.jpg 2000w\" sizes=\"(max-width: 800px) 100vw, 800px\" \/>\t\t\t\t\t\t\t\t<\/a>\n\t\t\t\t\t\t\t\t\t\t\t\t\t\t\t<\/div>\n\t\t\t\t<\/div>\n\t\t\t\t<div class=\"elementor-element elementor-element-054b954 elementor-widget__width-initial elementor-widget elementor-widget-theme-post-title elementor-page-title elementor-widget-heading\" data-id=\"054b954\" data-element_type=\"widget\" data-widget_type=\"theme-post-title.default\">\n\t\t\t\t<div class=\"elementor-widget-container\">\n\t\t\t\t\t<h3 class=\"elementor-heading-title elementor-size-default\"><a href=\"https:\/\/icc.eutech.org\/de\/project\/philippines-enabling-access-to-clean-water\/\">Philippinen - Zugang zu sauberem Wasser erm\u00f6glichen<\/a><\/h3>\t\t\t\t<\/div>\n\t\t\t\t<\/div>\n\t\t\t\t<div class=\"elementor-element elementor-element-ffaa316 elementor-widget__width-initial elementor-widget elementor-widget-button\" data-id=\"ffaa316\" data-element_type=\"widget\" data-widget_type=\"button.default\">\n\t\t\t\t<div class=\"elementor-widget-container\">\n\t\t\t\t\t\t\t\t\t<div class=\"elementor-button-wrapper\">\n\t\t\t\t\t<a class=\"elementor-button elementor-button-link elementor-size-sm\" href=\"https:\/\/icc.eutech.org\/de\/project\/philippines-enabling-access-to-clean-water\/\">\n\t\t\t\t\t\t<span class=\"elementor-button-content-wrapper\">\n\t\t\t\t\t\t\t\t\t<span class=\"elementor-button-text\">Mehr lesen<\/span>\n\t\t\t\t\t<\/span>\n\t\t\t\t\t<\/a>\n\t\t\t\t<\/div>\n\t\t\t\t\t\t\t\t<\/div>\n\t\t\t\t<\/div>\n\t\t\t\t\t<\/div>\n\t\t\t\t<\/div>\n\t\t\t\t<\/div>\n\t\t\t\t<\/div>\n\t\t\n\t\t\t\t\t\t<\/div>\n\t\t\t\t<\/div>\n\t\t\t\t<\/div>\n\t\t\t\t\t<\/div>\n\t\t\t\t<\/div>\n\t\t<div class=\"elementor-element elementor-element-c77d444 e-flex e-con-boxed e-con e-parent\" data-id=\"c77d444\" data-element_type=\"container\">\n\t\t\t\t\t<div class=\"e-con-inner\">\n\t\t\t\t<div class=\"elementor-element elementor-element-fa3408f elementor-widget elementor-widget-heading\" data-id=\"fa3408f\" data-element_type=\"widget\" data-widget_type=\"heading.default\">\n\t\t\t\t<div class=\"elementor-widget-container\">\n\t\t\t\t\t<h4 class=\"elementor-heading-title elementor-size-default\">Fr\u00fchere Projekte<\/h4>\t\t\t\t<\/div>\n\t\t\t\t<\/div>\n\t\t\t\t<div class=\"elementor-element elementor-element-032b5ca elementor-grid-3 elementor-grid-tablet-2 elementor-grid-mobile-1 elementor-widget elementor-widget-loop-grid\" data-id=\"032b5ca\" data-element_type=\"widget\" data-settings=\"{&quot;template_id&quot;:136,&quot;columns&quot;:3,&quot;_skin&quot;:&quot;post&quot;,&quot;columns_tablet&quot;:&quot;2&quot;,&quot;columns_mobile&quot;:&quot;1&quot;,&quot;edit_handle_selector&quot;:&quot;[data-elementor-type=\\&quot;loop-item\\&quot;]&quot;,&quot;row_gap&quot;:{&quot;unit&quot;:&quot;px&quot;,&quot;size&quot;:&quot;&quot;,&quot;sizes&quot;:[]},&quot;row_gap_tablet&quot;:{&quot;unit&quot;:&quot;px&quot;,&quot;size&quot;:&quot;&quot;,&quot;sizes&quot;:[]},&quot;row_gap_mobile&quot;:{&quot;unit&quot;:&quot;px&quot;,&quot;size&quot;:&quot;&quot;,&quot;sizes&quot;:[]}}\" data-widget_type=\"loop-grid.post\">\n\t\t\t\t<div class=\"elementor-widget-container\">\n\t\t\t\t\t\t\t<div class=\"elementor-loop-container elementor-grid\">\n\t\t\t\t<div data-elementor-type=\"loop-item\" data-elementor-id=\"136\" class=\"elementor elementor-136 e-loop-item e-loop-item-396 post-396 project type-project status-publish has-post-thumbnail hentry category-past-event\" data-elementor-post-type=\"elementor_library\" data-custom-edit-handle=\"1\">\n\t\t\t<div class=\"elementor-element elementor-element-5c12c1f e-flex e-con-boxed e-con e-parent\" data-id=\"5c12c1f\" data-element_type=\"container\" data-settings=\"{&quot;background_background&quot;:&quot;classic&quot;}\">\n\t\t\t\t\t<div class=\"e-con-inner\">\n\t\t\t\t<div class=\"elementor-element elementor-element-d48a3f2 elementor-widget__width-initial elementor-widget elementor-widget-theme-post-featured-image elementor-widget-image\" data-id=\"d48a3f2\" data-element_type=\"widget\" data-widget_type=\"theme-post-featured-image.default\">\n\t\t\t\t<div class=\"elementor-widget-container\">\n\t\t\t\t\t\t\t\t\t\t\t\t\t\t\t\t<a href=\"https:\/\/icc.eutech.org\/de\/project\/mobile-clinic-for-covid-19-cases-and-disaster-response-missions-rotary-year-2020\/\">\n\t\t\t\t\t\t\t<img decoding=\"async\" width=\"640\" height=\"311\" src=\"https:\/\/icc.eutech.org\/wp-content\/uploads\/2024\/06\/image001.png\" class=\"attachment-large size-large wp-image-417\" alt=\"\" srcset=\"https:\/\/icc.eutech.org\/wp-content\/uploads\/2024\/06\/image001.png 640w, https:\/\/icc.eutech.org\/wp-content\/uploads\/2024\/06\/image001-300x146.png 300w\" sizes=\"(max-width: 640px) 100vw, 640px\" \/>\t\t\t\t\t\t\t\t<\/a>\n\t\t\t\t\t\t\t\t\t\t\t\t\t\t\t<\/div>\n\t\t\t\t<\/div>\n\t\t\t\t<div class=\"elementor-element elementor-element-054b954 elementor-widget__width-initial elementor-widget elementor-widget-theme-post-title elementor-page-title elementor-widget-heading\" data-id=\"054b954\" data-element_type=\"widget\" data-widget_type=\"theme-post-title.default\">\n\t\t\t\t<div class=\"elementor-widget-container\">\n\t\t\t\t\t<h3 class=\"elementor-heading-title elementor-size-default\"><a href=\"https:\/\/icc.eutech.org\/de\/project\/mobile-clinic-for-covid-19-cases-and-disaster-response-missions-rotary-year-2020\/\">Mobile Klinik f\u00fcr Covid 19-F\u00e4lle und Katastrophenschutzeins\u00e4tze Rotary-Jahr: 2020<\/a><\/h3>\t\t\t\t<\/div>\n\t\t\t\t<\/div>\n\t\t\t\t<div class=\"elementor-element elementor-element-ffaa316 elementor-widget__width-initial elementor-widget elementor-widget-button\" data-id=\"ffaa316\" data-element_type=\"widget\" data-widget_type=\"button.default\">\n\t\t\t\t<div class=\"elementor-widget-container\">\n\t\t\t\t\t\t\t\t\t<div class=\"elementor-button-wrapper\">\n\t\t\t\t\t<a class=\"elementor-button elementor-button-link elementor-size-sm\" href=\"https:\/\/icc.eutech.org\/de\/project\/mobile-clinic-for-covid-19-cases-and-disaster-response-missions-rotary-year-2020\/\">\n\t\t\t\t\t\t<span class=\"elementor-button-content-wrapper\">\n\t\t\t\t\t\t\t\t\t<span class=\"elementor-button-text\">Mehr lesen<\/span>\n\t\t\t\t\t<\/span>\n\t\t\t\t\t<\/a>\n\t\t\t\t<\/div>\n\t\t\t\t\t\t\t\t<\/div>\n\t\t\t\t<\/div>\n\t\t\t\t\t<\/div>\n\t\t\t\t<\/div>\n\t\t\t\t<\/div>\n\t\t\t\t<div data-elementor-type=\"loop-item\" data-elementor-id=\"136\" class=\"elementor elementor-136 e-loop-item e-loop-item-220 post-220 project type-project status-publish has-post-thumbnail hentry category-past-event\" data-elementor-post-type=\"elementor_library\" data-custom-edit-handle=\"1\">\n\t\t\t<div class=\"elementor-element elementor-element-5c12c1f e-flex e-con-boxed e-con e-parent\" data-id=\"5c12c1f\" data-element_type=\"container\" data-settings=\"{&quot;background_background&quot;:&quot;classic&quot;}\">\n\t\t\t\t\t<div class=\"e-con-inner\">\n\t\t\t\t<div class=\"elementor-element elementor-element-d48a3f2 elementor-widget__width-initial elementor-widget elementor-widget-theme-post-featured-image elementor-widget-image\" data-id=\"d48a3f2\" data-element_type=\"widget\" data-widget_type=\"theme-post-featured-image.default\">\n\t\t\t\t<div class=\"elementor-widget-container\">\n\t\t\t\t\t\t\t\t\t\t\t\t\t\t\t\t<a href=\"https:\/\/icc.eutech.org\/de\/project\/disaster-relief-programm\/\">\n\t\t\t\t\t\t\t<img loading=\"lazy\" decoding=\"async\" width=\"800\" height=\"449\" src=\"https:\/\/icc.eutech.org\/wp-content\/uploads\/2024\/05\/image-65-1024x575.png\" class=\"attachment-large size-large wp-image-313\" alt=\"\" srcset=\"https:\/\/icc.eutech.org\/wp-content\/uploads\/2024\/05\/image-65-1024x575.png 1024w, https:\/\/icc.eutech.org\/wp-content\/uploads\/2024\/05\/image-65-300x168.png 300w, https:\/\/icc.eutech.org\/wp-content\/uploads\/2024\/05\/image-65-768x431.png 768w, https:\/\/icc.eutech.org\/wp-content\/uploads\/2024\/05\/image-65.png 1424w\" sizes=\"(max-width: 800px) 100vw, 800px\" \/>\t\t\t\t\t\t\t\t<\/a>\n\t\t\t\t\t\t\t\t\t\t\t\t\t\t\t<\/div>\n\t\t\t\t<\/div>\n\t\t\t\t<div class=\"elementor-element elementor-element-054b954 elementor-widget__width-initial elementor-widget elementor-widget-theme-post-title elementor-page-title elementor-widget-heading\" data-id=\"054b954\" data-element_type=\"widget\" data-widget_type=\"theme-post-title.default\">\n\t\t\t\t<div class=\"elementor-widget-container\">\n\t\t\t\t\t<h3 class=\"elementor-heading-title elementor-size-default\"><a href=\"https:\/\/icc.eutech.org\/de\/project\/disaster-relief-programm\/\">Katastrophenhilfeprogramm<\/a><\/h3>\t\t\t\t<\/div>\n\t\t\t\t<\/div>\n\t\t\t\t<div class=\"elementor-element elementor-element-ffaa316 elementor-widget__width-initial elementor-widget elementor-widget-button\" data-id=\"ffaa316\" data-element_type=\"widget\" data-widget_type=\"button.default\">\n\t\t\t\t<div class=\"elementor-widget-container\">\n\t\t\t\t\t\t\t\t\t<div class=\"elementor-button-wrapper\">\n\t\t\t\t\t<a class=\"elementor-button elementor-button-link elementor-size-sm\" href=\"https:\/\/icc.eutech.org\/de\/project\/disaster-relief-programm\/\">\n\t\t\t\t\t\t<span class=\"elementor-button-content-wrapper\">\n\t\t\t\t\t\t\t\t\t<span class=\"elementor-button-text\">Mehr lesen<\/span>\n\t\t\t\t\t<\/span>\n\t\t\t\t\t<\/a>\n\t\t\t\t<\/div>\n\t\t\t\t\t\t\t\t<\/div>\n\t\t\t\t<\/div>\n\t\t\t\t\t<\/div>\n\t\t\t\t<\/div>\n\t\t\t\t<\/div>\n\t\t\t\t<\/div>\n\t\t\n\t\t\t\t\t\t<\/div>\n\t\t\t\t<\/div>\n\t\t\t\t\t<\/div>\n\t\t\t\t<\/div>\n\t\t\t\t<\/div>","protected":false},"excerpt":{"rendered":"<p>Projects Ongoing Projects Past Projects<\/p>","protected":false},"author":1,"featured_media":0,"parent":0,"menu_order":0,"comment_status":"closed","ping_status":"closed","template":"elementor_header_footer","meta":{"_acf_changed":false,"footnotes":""},"class_list":["post-227","page","type-page","status-publish","hentry"],"acf":[],"_links":{"self":[{"href":"https:\/\/icc.eutech.org\/de\/wp-json\/wp\/v2\/pages\/227","targetHints":{"allow":["GET"]}}],"collection":[{"href":"https:\/\/icc.eutech.org\/de\/wp-json\/wp\/v2\/pages"}],"about":[{"href":"https:\/\/icc.eutech.org\/de\/wp-json\/wp\/v2\/types\/page"}],"author":[{"embeddable":true,"href":"https:\/\/icc.eutech.org\/de\/wp-json\/wp\/v2\/users\/1"}],"replies":[{"embeddable":true,"href":"https:\/\/icc.eutech.org\/de\/wp-json\/wp\/v2\/comments?post=227"}],"version-history":[{"count":28,"href":"https:\/\/icc.eutech.org\/de\/wp-json\/wp\/v2\/pages\/227\/revisions"}],"predecessor-version":[{"id":450,"href":"https:\/\/icc.eutech.org\/de\/wp-json\/wp\/v2\/pages\/227\/revisions\/450"}],"wp:attachment":[{"href":"https:\/\/icc.eutech.org\/de\/wp-json\/wp\/v2\/media?parent=227"}],"curies":[{"name":"wp","href":"https:\/\/api.w.org\/{rel}","templated":true}]}}