{"id":405,"date":"2024-06-06T04:39:09","date_gmt":"2024-06-06T04:39:09","guid":{"rendered":"https:\/\/germany-philippines-eutech-wordpress.rz.mup-digital.com\/?page_id=405"},"modified":"2024-06-06T04:42:51","modified_gmt":"2024-06-06T04:42:51","slug":"privacy-policy","status":"publish","type":"page","link":"https:\/\/icc.eutech.org\/de\/privacy-policy\/","title":{"rendered":"Datenschutzbestimmungen"},"content":{"rendered":"<div data-elementor-type=\"wp-page\" data-elementor-id=\"405\" class=\"elementor elementor-405\" data-elementor-post-type=\"page\">\n\t\t\t\t<div class=\"elementor-element elementor-element-1c6b748 e-flex e-con-boxed e-con e-parent\" data-id=\"1c6b748\" data-element_type=\"container\">\n\t\t\t\t\t<div class=\"e-con-inner\">\n\t\t\t\t<div class=\"elementor-element elementor-element-b23a095 elementor-widget elementor-widget-text-editor\" data-id=\"b23a095\" data-element_type=\"widget\" data-widget_type=\"text-editor.default\">\n\t\t\t\t<div class=\"elementor-widget-container\">\n\t\t\t\t\t\t\t\t\t<h4>Einf\u00fchrung<\/h4><p>Rotary ICC Deutschland-Philippinen und die Rotary Foundation of Rotary International (einzeln oder gemeinsam \"Rotary ICC Deutschland-Philippinen\" oder \"wir\") respektieren Ihre Privatsph\u00e4re und verpflichten sich, diese durch die Einhaltung dieser Datenschutzrichtlinie (\"Richtlinie\") zu sch\u00fctzen. Der Schutz der Daten, die uns von unseren W\u00e4hlern anvertraut werden, ist f\u00fcr Rotary ICC Deutschland-Philippinen von gr\u00f6\u00dfter Bedeutung.<\/p><p>Diese Richtlinie beschreibt die Arten von Daten, die wir von Ihnen erheben oder die Sie uns zur Verf\u00fcgung stellen k\u00f6nnen, sowie unsere Richtlinien und Praktiken f\u00fcr die Erhebung, die Verwendung, den Schutz und die Offenlegung dieser Daten.<\/p><p>Bitte beachten Sie auch Anhang A: EU-Datenschutzhinweis, wenn Sie in der Europ\u00e4ischen Union oder im Europ\u00e4ischen Wirtschaftsraum ans\u00e4ssig sind.<\/p><p>Diese Richtlinie kann sich von Zeit zu Zeit \u00e4ndern (siehe Abschnitt \u00c4nderungen unserer Datenschutzrichtlinie), daher sollten Sie die Richtlinie regelm\u00e4\u00dfig auf die aktuellste Version \u00fcberpr\u00fcfen. Wenn Sie Fragen zur Bedeutung oder Auslegung dieser Richtlinie haben, ist die englischsprachige Version dieser Richtlinie der offizielle Text.<\/p><h4>Daten, die wir \u00fcber Sie sammeln<\/h4><p>Wir erfassen verschiedene Arten personenbezogener Daten, die zur Identifizierung Ihrer Person verwendet werden k\u00f6nnen (\"personenbezogene Daten\"), einschlie\u00dflich Ihrer:<\/p><ul><li>Name<\/li><li>Postanschrift<\/li><li>E-Mail Adresse<\/li><li>Rufnummer<\/li><li>Geschichte der Spende<\/li><li>Daten von Zahlungskarteninhabern<\/li><li>Sensible Authentifizierungsdaten<\/li><li>Internetverbindung<\/li><li>F\u00fcr den Zugriff auf unsere Website verwendete Ger\u00e4te und Nutzungsdaten<\/li><\/ul><p>Abh\u00e4ngig von der Art der Interaktion, die Sie mit Rotary ICC Deutschland-Philippinen haben, k\u00f6nnen wir auch Ihre Daten erfassen:<\/p><ul><li>Geschlecht<\/li><li>Geburtsjahr<\/li><li>Familienstand<\/li><li>Name des Ehepartners oder der Eltern<\/li><li>Beruf<\/li><li>Arbeitgeber<\/li><li>Daten zum Reichtum<\/li><li>Fotografien\/Abbildungen<\/li><\/ul><p>Unter bestimmten Umst\u00e4nden k\u00f6nnen wir hochsensible personenbezogene Daten erfassen, wie z. B. staatliche Ausweisnummern und\/oder Gesundheitsinformationen.<\/p><h4>Wie wir Ihre Daten sammeln<\/h4><p>Wir sammeln pers\u00f6nliche Daten von:<\/p><ul><li>Nutzer unserer Website<\/li><li>Mitglieder von Rotary- und Rotaract-Clubs<\/li><li>Spender f\u00fcr die Rotary Foundation<\/li><li>Menschen, die an Rotary-Veranstaltungen teilnehmen<\/li><li>Menschen, die an den Programmen von Rotary teilnehmen<\/li><\/ul><p>Wir sammeln diese Daten:<\/p><ul><li>Unmittelbar, wenn Sie uns diese Daten offline oder pers\u00f6nlich zur Verf\u00fcgung stellen<\/li><li>Von unserer Website Rotary.org (unsere \"Website\")<\/li><li>Von anderen Rotary-Websites, die auf diese Richtlinie verweisen<\/li><li>Wenn Sie mit unserer Werbung und unseren Anwendungen auf Websites und Diensten Dritter interagieren, wenn diese Anwendungen oder Werbung Links zu dieser Richtlinie enthalten<\/li><li>Automatisch, wenn Sie durch die Website navigieren (zu den automatisch erfassten Daten k\u00f6nnen Nutzungsdetails, IP-Adressen und Informationen geh\u00f6ren, die durch Cookies und andere Tracking-Technologien erfasst werden)<\/li><li>Wenn Sie Mitglied in einem Rotary Club oder Rotaract Club werden<\/li><li>Wenn Sie unsere Dienste nutzen<\/li><li>Wenn Sie an unseren Programmen teilnehmen oder sich f\u00fcr Veranstaltungen anmelden und\/oder diese besuchen, die wir ausrichten<\/li><li>von Dritten, mit denen wir einen Vertrag zur Erbringung von Dienstleistungen in unserem Namen abgeschlossen haben, wie z. B. Event-Organisatoren, Reisedienstleister (die vom Rotary International Travel Service oder RITS genutzt werden), Zahlungsabwicklungsdienste, E-Mail-Marketingdienste und Softwareanbieter; diese Dienstleister k\u00f6nnen sich \u00e4ndern oder neue Dienstleister k\u00f6nnen hinzugef\u00fcgt werden, ohne dass Sie davon in Kenntnis gesetzt werden<\/li><li>Wenn Sie auf andere Weise mit uns interagieren, z. B. wenn Sie uns mit einer Anfrage kontaktieren<\/li><li>Aus \u00f6ffentlich zug\u00e4nglichen Quellen<\/li><\/ul><h4>Daten, die Sie uns zur Verf\u00fcgung stellen<\/h4><p>Wir sammeln Daten, die Sie uns zur Verf\u00fcgung stellen, wenn Sie mit Rotary ICC Deutschland-Philippinen interagieren, entweder \u00fcber unsere Website oder offline oder pers\u00f6nlich. Diese Daten umfassen:<\/p><ul><li>Personenbezogene Daten, die Sie im Rahmen einer Anfrage oder eines Beitritts zu einem Rotary- oder Rotaract-Club angeben; dazu geh\u00f6ren auch Daten, die Sie bei der Registrierung auf Rotary.org \u00fcber Mein Rotary angeben.<\/li><li>Personenbezogene Daten, die Sie bei der Teilnahme an den auf unserer Website verf\u00fcgbaren Diensten zur Verf\u00fcgung stellen, einschlie\u00dflich in:<ul><li>Das Markenzentrum<\/li><li>Das Grant Center<\/li><li>Das Lernzentrum<\/li><li>Rotary Club Zentral<\/li><li>Rotary Global Rewards<\/li><li>Rotary-Ideen<\/li><li>Rotary Shop<\/li><li>Rotary-Schaufenster<\/li><\/ul><\/li><li>Pers\u00f6nliche Daten, die Sie angeben, wenn Sie an einem von uns gesponserten Wettbewerb oder einer Werbeaktion teilnehmen<\/li><li>Pers\u00f6nliche Daten, die Sie angeben, wenn Sie ein Problem mit unserer Website melden<\/li><li>Aufzeichnungen und Kopien Ihrer Korrespondenz (einschlie\u00dflich E-Mails, Posts in sozialen Medien und anderer elektronischer Nachrichten), wenn Sie uns kontaktieren<\/li><li>Ihre Antworten auf Umfragen, um die wir Sie zu Forschungszwecken bitten k\u00f6nnten<\/li><li>Ihre Anmeldung zur Teilnahme an Rotary-Veranstaltungen<\/li><li>Pers\u00f6nliche Daten, die Sie bei einer Spende angeben<\/li><li>Pers\u00f6nliche Daten, die Sie bei der Einreichung von Antr\u00e4gen, z. B. f\u00fcr Zusch\u00fcsse, Stipendien oder Beihilfen, angeben<\/li><li>Biografische oder andere Daten, die Sie uns, Ihrem Rotary Club oder Ihrem Rotary Distrikt zur Verf\u00fcgung stellen (z.B. wenn Sie sich als Kandidat f\u00fcr ein Amt in einem Rotary Club, Rotary Distrikt oder RI zur Verf\u00fcgung stellen)<\/li><li>Einzelheiten zu Transaktionen, die \u00fcber unsere Website get\u00e4tigt wurden, und Einzelheiten zur Ausf\u00fchrung Ihrer Bestellungen (Sie m\u00fcssen m\u00f6glicherweise pers\u00f6nliche Finanzdaten angeben, bevor Sie eine Bestellung \u00fcber unsere Website aufgeben)<\/li><li>Ihre Suchanfragen auf unserer Website<\/li><\/ul><p>Zuk\u00fcnftig entwickelte Funktionen k\u00f6nnen zur Erhebung zus\u00e4tzlicher neuer personenbezogener Daten f\u00fchren.<\/p><p>Sie k\u00f6nnen auch Daten zur Verf\u00fcgung stellen, die in \u00f6ffentlichen Bereichen der Website ver\u00f6ffentlicht oder angezeigt (im Folgenden \"ver\u00f6ffentlicht\") oder an andere Benutzer der Website oder an Dritte \u00fcbermittelt werden (zusammenfassend \"Benutzerinhalte\"). Die Ver\u00f6ffentlichung Ihrer Benutzerinhalte auf der Website und die \u00dcbermittlung an andere erfolgt auf Ihr eigenes Risiko. Wir schr\u00e4nken den Zugang zu bestimmten Seiten ein, und Sie k\u00f6nnen bestimmte Datenschutzeinstellungen f\u00fcr diese Daten in Ihrem Kontoprofil festlegen. Wir haben jedoch keine Kontrolle \u00fcber die Handlungen anderer Nutzer der Website, denen Sie Ihre Benutzerinhalte zur Verf\u00fcgung stellen.<\/p><h4>Nutzungsdaten, IP-Adressen, Cookies und andere Technologien<\/h4><p>Wenn Sie durch unsere Website navigieren und mit ihr interagieren, k\u00f6nnen wir automatisch bestimmte Daten \u00fcber Ihre Ausr\u00fcstung, Browsing-Aktionen und Muster sammeln, einschlie\u00dflich:<\/p><ul><li>Einzelheiten \u00fcber Ihre Besuche auf unserer Website, einschlie\u00dflich Verkehrsdaten, Standortdaten, Protokolle und andere Kommunikationsdaten sowie die Ressourcen, auf die Sie zugreifen und die Sie auf unserer Website nutzen<\/li><li>Informationen \u00fcber Ihren Computer und Ihre Internetverbindung, einschlie\u00dflich Ihrer IP-Adresse, Ihres Betriebssystems und Ihres Browsertyps<\/li><\/ul><p>Wenn Sie nicht in einem Mein Rotary-Konto angemeldet sind, sind die auf diese Weise gesammelten Daten anonym. Sie werden zu statistischen Daten zusammengefasst, die uns helfen, unsere Website zu verbessern und einen besseren und pers\u00f6nlicheren Service zu bieten, indem sie es uns erm\u00f6glichen:<\/p><ul><li>Sch\u00e4tzung der Gr\u00f6\u00dfe unseres Publikums, Browser-Statistiken, Beliebtheit der Inhalte und Nutzungsmuster<\/li><li>Beschleunigen Sie Ihre Suche<\/li><li>Sie wiederzuerkennen, wenn Sie auf unsere Website zur\u00fcckkehren<\/li><\/ul><p>F\u00fcr diese automatische Datenerfassung verwenden wir Cookies (oder Browser-Cookies). Ein Cookie ist eine kleine Datei, die auf der Festplatte Ihres Computers abgelegt wird. Sie k\u00f6nnen die Annahme von Browser-Cookies verweigern, indem Sie die entsprechende Einstellung in Ihrem Browser aktivieren. Wenn Sie diese Einstellung w\u00e4hlen, kann es jedoch sein, dass Sie auf bestimmte Teile unserer Website nicht zugreifen k\u00f6nnen. Sofern Sie Ihren Browser nicht so eingestellt haben, dass er Cookies ablehnt, wird unser System Cookies setzen, wenn Sie Ihren Browser auf unsere Website richten.<\/p><p>Wenn Sie in einem Mein Rotary-Konto angemeldet sind, sammeln wir Nutzungsdaten, die mit Ihrem individuellen Konto verkn\u00fcpft sind. Diese Daten werden gesammelt, um die Funktionalit\u00e4t der Website zu verbessern und das Verhalten und die Inhalte der Website auf Sie abzustimmen, und wir verarbeiten diese personenbezogenen Daten in \u00dcbereinstimmung mit dieser Richtlinie.<\/p><h4>Verwendung von Cookies und anderen Tracking-Technologien durch Drittwerber<\/h4><p>Einige Anzeigen und Angebote auf Rotary Global Rewards werden von Drittanbietern, Werbenetzwerken und Ad-Servern bereitgestellt. Dar\u00fcber hinaus k\u00f6nnen einige der Anwendungen, die von oder auf unserer Website zug\u00e4nglich sind, Eigentum Dritter sein. Diese Drittparteien k\u00f6nnen Cookies allein oder in Verbindung mit anderen Tracking-Technologien verwenden, um Daten \u00fcber unsere Nutzer zu sammeln. Wir haben keine Kontrolle \u00fcber die Tracking-Technologien dieser Dritten oder dar\u00fcber, wie sie verwendet werden. Sollten Sie Fragen zu einer Werbung oder einem Angebot auf Rotary Global Rewards haben, wenden Sie sich bitte direkt an den verantwortlichen Werbetreibenden.<\/p><h4>Wie wir Ihre pers\u00f6nlichen Daten verwenden<\/h4><p>Wir verwenden Daten, die wir \u00fcber Sie sammeln oder die Sie uns zur Verf\u00fcgung stellen, einschlie\u00dflich aller personenbezogenen Daten:<\/p><ul><li>Um Ihnen unsere Website und ihre Inhalte zu pr\u00e4sentieren<\/li><li>Um Sie mit Informationen, Produkten oder Dienstleistungen zu versorgen, die Sie von uns anfordern<\/li><li>Zum Anbieten und Erf\u00fcllen unserer Hauptgesch\u00e4ftszwecke, die Folgendes umfassen:<ul><li>Erf\u00fcllung der Verpflichtung von Rotary ICC Deutschland-Philippinen gegen\u00fcber Rotariern, Rotaractern und anderen Personen<\/li><li>Finanzielle Abwicklung<\/li><li>Unterst\u00fctzung der Rotary Foundation, einschlie\u00dflich Fundraising-Bem\u00fchungen<\/li><li>Erleichterung der Planung von Kongressen und Sonderveranstaltungen<\/li><li>Verbreitung der wichtigsten Botschaften der Organisation durch Rotary-Publikationen und andere Materialien<\/li><li>Unterst\u00fctzung der Programme und Mitgliedschaft von Rotary<\/li><li>Einhaltung der gesetzlichen Verpflichtungen<\/li><li>Bewahrung des rotarischen Erbes durch den Aufbau und die Pflege genauer Archive, die die Geschichte von Rotary effektiv dokumentieren<\/li><\/ul><\/li><li>Zur Erf\u00fcllung eines anderen Zwecks, f\u00fcr den Sie die Daten zur Verf\u00fcgung stellen<\/li><li>Zur Erf\u00fcllung unserer Verpflichtungen und zur Durchsetzung unserer Rechte, die sich aus den zwischen Ihnen und uns geschlossenen Vertr\u00e4gen ergeben, einschlie\u00dflich Rechnungsstellung und Inkasso<\/li><li>Um Sie \u00fcber \u00c4nderungen an unserer Website oder an Produkten oder Dienstleistungen, die wir \u00fcber sie anbieten, zu informieren<\/li><li>Um Ihnen die Teilnahme an interaktiven Funktionen auf unserer Website zu erm\u00f6glichen<\/li><li>Zur Speicherung von Informationen \u00fcber Ihre Pr\u00e4ferenzen, die es uns erm\u00f6glichen, unsere Website an Ihre individuellen Interessen anzupassen<\/li><li>um uns bei der Entwicklung und dem Testen von Aktualisierungen dieser Website und anderer Anwendungen von Rotary zu helfen, die den Kerngesch\u00e4ftszweck von Rotary unterst\u00fctzen<\/li><li>Auf jede andere Art und Weise, die wir beschreiben k\u00f6nnen, wenn Sie die pers\u00f6nlichen Daten zur Verf\u00fcgung stellen<\/li><li>F\u00fcr jeden anderen Zweck, f\u00fcr den wir Ihre Zustimmung haben<\/li><\/ul><h4>Offenlegung Ihrer pers\u00f6nlichen Daten<\/h4><p>Wir k\u00f6nnen zusammengefasste Daten \u00fcber unsere Nutzer sowie Daten, die nicht zur Identifizierung von Einzelpersonen verwendet werden k\u00f6nnen, uneingeschr\u00e4nkt offenlegen.<\/p><p>Wir k\u00f6nnen personenbezogene Daten, die wir sammeln oder die Sie uns zur Verf\u00fcgung stellen, wie in dieser Richtlinie beschrieben weitergeben:<\/p><ul><li>An den Rotary Club oder Rotaract Club, in dem Sie Mitglied sind (falls zutreffend), sowie an den zugewiesenen Rotary Distrikt<\/li><li>Auftragnehmern, Dienstleistern und anderen Dritten, die wir zur Unterst\u00fctzung unseres Gesch\u00e4fts einsetzen und die vertraglich verpflichtet sind, personenbezogene Daten vertraulich zu behandeln und sie nur f\u00fcr die Zwecke zu verwenden, f\u00fcr die wir sie ihnen offenlegen, einschlie\u00dflich:<ul><li>Anbieter von Reisedienstleistungen, wie Fluggesellschaften, Hotels, Bodentransportunternehmen und Reiseb\u00fcros<\/li><li>Unternehmen, die Rotary-Publikationen, Rotary-Markenartikel und andere Waren herstellen, ver\u00f6ffentlichen und\/oder versenden<\/li><li>Anbieter eines Online-Shops<\/li><li>Anbieter von Zahlungsverarbeitung<\/li><li>Finanzinstitute und Steueragenten bei der Abwicklung von Finanztransaktionen, wie z. B. Kostenerstattungen<\/li><li>Software und Anwendungen, die f\u00fcr Verwaltungsfunktionen verwendet werden, wie z. B. die Bereitstellung von Online-Formularen\/Umfragen\/Bewerbungen, Newsletter-Diensten, Online-Learning, Webinar-\/Telekonferenzdiensten, elektronischen Abstimmungen<\/li><li>Cloud-basierte Datenbanken f\u00fcr Verwaltungsfunktionen<\/li><li>Gastaussch\u00fcsse von Rotary-Kongressen und andere Organisatoren und Anbieter von Veranstaltungen<\/li><li>E-Mail-Verteilungsdienste<\/li><\/ul><\/li><li>An Dritte, um f\u00fcr Rotary zu werben oder damit diese ihre Produkte oder Dienstleistungen an Sie vermarkten k\u00f6nnen, sofern Sie dieser Weitergabe zugestimmt haben. Wir verpflichten diese Dritten vertraglich dazu, personenbezogene Daten vertraulich zu behandeln und sie nur f\u00fcr die Zwecke zu verwenden, f\u00fcr die wir sie an sie weitergeben.<\/li><\/ul><p>Wenn Sie nicht m\u00f6chten, dass wir Ihre pers\u00f6nlichen Daten (auch wenn sie anonymisiert sind) zu Werbe- oder Verkaufsf\u00f6rderungszwecken an nicht angeschlossene oder nicht beauftragte Dritte weitergeben, k\u00f6nnen Sie eine E-Mail mit Ihrem Wunsch an folgende Adresse schicken <a rel=\"noreferrer\">rotarysupportcenter@rotary.org<\/a>.<\/p><ul><li>Um den Zweck zu erf\u00fcllen, f\u00fcr den Sie sie zur Verf\u00fcgung stellen<\/li><li>F\u00fcr jeden anderen Zweck, der von uns bei der Bereitstellung der Daten angegeben wird<\/li><li>Mit Ihrer Zustimmung<\/li><\/ul><p>Wir k\u00f6nnen Ihre personenbezogenen Daten auch weitergeben:<\/p><ul><li>Um gerichtlichen Anordnungen, Gesetzen oder rechtlichen Verfahren nachzukommen, einschlie\u00dflich der Beantwortung von Anfragen von Regierungen oder Beh\u00f6rden.<\/li><li>Wenn die Offenlegung notwendig oder angemessen ist, um die Rechte, das Eigentum oder die Sicherheit von Rotary ICC Deutschland-Philippinen, Rotariern, Rotary Clubs, Rotary Distrikten oder anderen zu sch\u00fctzen. Dazu geh\u00f6rt auch der Austausch personenbezogener Daten mit anderen Unternehmen und Organisationen zum Zwecke des Schutzes vor Betrug und der Verringerung des Kreditrisikos.<\/li><\/ul><h4>Rotary Foundation Spender Datenschutz Pers\u00f6nliche Daten<\/h4><p>Rotary ICC Deutschland-Philippinen wird die pers\u00f6nlichen Daten von Spendern der Rotary Foundation, einschlie\u00dflich ihres Namens, ihrer Telefonnummer, ihrer E-Mail-Adresse oder ihrer physischen Adresse, nicht an nicht-rotarische Organisationen verkaufen, tauschen oder weitergeben, noch wird es Spendern Mailings im Namen anderer, nicht verbundener Organisationen zusenden. Diese Richtlinie gilt f\u00fcr alle Spenderdaten, die Rotary ICC Deutschland-Philippinen erh\u00e4lt, sowohl online als auch offline, sowie f\u00fcr jegliche elektronische, schriftliche oder m\u00fcndliche Kommunikation. Rotary ICC Deutschland-Philippinen setzt gelegentlich Drittanbieter zur Verwaltung und Verarbeitung von Spenderdaten ein. Diese Anbieter sind an strenge Vertraulichkeitsvereinbarungen gebunden.<\/p><h4>Zugang zu Ihren pers\u00f6nlichen Daten und deren Berichtigung<\/h4><p>Sie k\u00f6nnen Ihre Daten einsehen und korrigieren:<\/p><ul><li>Besuchen Sie die Profilseite Ihres Kontos auf Mein Rotary, wenn Sie ein registrierter Benutzer dieser Website sind. Weitere Informationen finden Sie in den h\u00e4ufig gestellten Fragen von Rotary.<\/li><li>E-Mail an <a rel=\"noreferrer\">rotarysupportcenter@rotary.org<\/a> Zugang zu den von Ihnen zur Verf\u00fcgung gestellten personenbezogenen Daten zu verlangen, diese zu berichtigen oder zu l\u00f6schen.<\/li><\/ul><p>Wir k\u00f6nnen einem Antrag auf \u00c4nderung oder L\u00f6schung von Daten nicht nachkommen, wenn wir der Meinung sind, dass die \u00c4nderung oder L\u00f6schung gegen ein Gesetz oder eine gesetzliche Vorschrift versto\u00dfen w\u00fcrde oder die Daten nicht korrekt sind.<\/p><p>Wenn Sie Ihre Benutzerinhalte von der Website l\u00f6schen, k\u00f6nnen Kopien Ihrer Benutzerinhalte in zwischengespeicherten und archivierten Seiten sichtbar bleiben oder von anderen Benutzern der Website kopiert oder gespeichert worden sein. Der ordnungsgem\u00e4\u00dfe Zugriff auf und die Verwendung von Daten, die auf unserer Website bereitgestellt werden, einschlie\u00dflich Benutzerinhalten, wird durch unsere Nutzungsbedingungen geregelt, obwohl dies f\u00fcr in der EU\/EWR ans\u00e4ssige Personen nicht Ihre zwingenden Rechte nach dem EU-Datenschutzrecht beeintr\u00e4chtigt (siehe Anhang A: EU-Datenschutzhinweis).<\/p><h4>Kinder unter 16 Jahren<\/h4><p>Unsere Website ist nicht f\u00fcr Kinder unter 16 Jahren bestimmt. Wir sammeln nicht wissentlich personenbezogene Daten von Kindern unter 16 Jahren ohne die Zustimmung der Eltern. Niemand unter 16 Jahren darf personenbezogene Daten an oder auf unserer Website angeben.<\/p><p>Wenn Sie unter 16 Jahre alt sind, tun Sie das nicht:<\/p><ul><li>Pers\u00f6nliche Daten auf unserer Website oder auf oder durch eine ihrer Funktionen zu verwenden oder bereitzustellen<\/li><li>sich auf unserer Website zu registrieren, K\u00e4ufe \u00fcber unsere Website zu t\u00e4tigen<\/li><li>eine der interaktiven oder \u00f6ffentlichen Kommentarfunktionen unserer Website zu nutzen, oder<\/li><li>uns personenbezogene Daten \u00fcber sich selbst zur Verf\u00fcgung zu stellen, einschlie\u00dflich Ihres Namens, Ihrer Adresse, Telefonnummer, E-Mail-Adresse oder eines von Ihnen verwendeten Bildschirm- oder Benutzernamens.<\/li><\/ul><p>Wenn wir erfahren, dass wir personenbezogene Daten von einem Kind unter 16 Jahren ohne \u00dcberpr\u00fcfung der elterlichen Zustimmung gesammelt oder erhalten haben, werden wir diese personenbezogenen Daten l\u00f6schen. Wenn Sie glauben, dass wir personenbezogene Daten von oder \u00fcber ein Kind unter 16 Jahren haben k\u00f6nnten, kontaktieren Sie uns bitte unter <a rel=\"noreferrer\">rotarysupportcenter@rotary.org<\/a>.<\/p><h4>Datensicherheit<\/h4><p>Wir haben technische und betriebliche Ma\u00dfnahmen ergriffen, um Ihre pers\u00f6nlichen Daten vor versehentlichem Verlust und vor unbefugtem Zugriff, unbefugter Nutzung, Ver\u00e4nderung und Offenlegung zu sch\u00fctzen. Zus\u00e4tzlich:<\/p><ul><li>Bei der Entwicklung neuer oder der Verbesserung bestehender Systeme und Prozesse implementiert Rotary ICC Deutschland-Philippinen einen angemessenen Datenschutz in allen Bereichen der Datenverarbeitung.<\/li><li>Alle pers\u00f6nlichen Daten, die Sie uns zur Verf\u00fcgung stellen, werden in passwortgesch\u00fctzten Datenbanken auf unseren sicheren Servern hinter Firewalls gespeichert, und wir verwenden Secure Sockets Layer (SSL), um sicherzustellen, dass die \u00dcbertragung sensibler Daten f\u00fcr Zahlungen und Beitr\u00e4ge verschl\u00fcsselt und angemessen gesch\u00fctzt ist.<\/li><li>Die Mitarbeiter werden im Hinblick auf die Bedeutung der Datensicherheit geschult, wobei der Schwerpunkt auf Praktiken zum Schutz vor unbefugter Offenlegung personenbezogener Daten liegt.<\/li><li>Wir verf\u00fcgen \u00fcber einen dokumentierten Plan zur Reaktion auf Vorf\u00e4lle, die gegen die Sicherheits- oder Datenschutzrichtlinien von Rotary ICC Deutschland-Philippinen versto\u00dfen, und dieser Plan wird laufend \u00fcberpr\u00fcft und aktualisiert.<\/li><\/ul><p>Der Schutz und die Sicherheit Ihrer pers\u00f6nlichen Daten h\u00e4ngt auch von Ihnen ab. Wenn wir Ihnen ein Passwort f\u00fcr den Zugang zu bestimmten Teilen unserer Website gegeben haben (oder Sie ein solches gew\u00e4hlt haben), sind Sie daf\u00fcr verantwortlich, dieses Passwort geheim zu halten. Die auf unserer Website registrierten Passw\u00f6rter sind verschl\u00fcsselt, um den Schutz vor unbefugtem Zugriff auf Ihre personenbezogenen Daten zu gew\u00e4hrleisten.<\/p><p>Leider ist die \u00dcbermittlung personenbezogener Daten \u00fcber das Internet nicht v\u00f6llig sicher. Obwohl wir unser Bestes tun, um Ihre pers\u00f6nlichen Daten zu sch\u00fctzen, k\u00f6nnen wir nicht f\u00fcr die Sicherheit Ihrer pers\u00f6nlichen Daten garantieren, die an unsere Website oder \u00fcber ein \u00f6ffentliches Netz \u00fcbertragen werden. Die \u00dcbermittlung personenbezogener Daten erfolgt auf Ihr eigenes Risiko. Unbeschadet etwaiger zwingender gesetzlicher Verpflichtungen, denen wir unterliegen, sind wir nicht f\u00fcr die Umgehung von Datenschutzeinstellungen oder Sicherheitsma\u00dfnahmen auf unserer Website verantwortlich.<\/p><h4>\u00c4nderungen an unserer Datenschutzrichtlinie<\/h4><p>Rotary ICC Deutschland-Philippinen kann diese Richtlinie jederzeit \u00e4ndern, erg\u00e4nzen, modifizieren oder Teile davon entfernen, was unmittelbar nach Ver\u00f6ffentlichung auf dieser Seite in Kraft tritt. Das Datum der letzten \u00dcberarbeitung dieser Richtlinie ist am Ende der Richtlinie angegeben. Es liegt in Ihrer Verantwortung, diese Richtlinie auf etwaige \u00c4nderungen hin zu \u00fcberpr\u00fcfen. Durch die weitere Nutzung unserer Website, die Aufrechterhaltung Ihrer Mitgliedschaft in unseren Clubs, die Inanspruchnahme unserer Dienstleistungen oder die Teilnahme an unseren Programmen erkl\u00e4ren Sie sich mit allen \u00c4nderungen der Richtlinie einverstanden.<\/p><h4>Kontaktinformationen<\/h4><p>Rotary ICC Deutschland-Philippinen hat seinen Hauptsitz in Tegernsee, Deutschland. Wenn Sie Fragen zu den Datenschutzrichtlinien oder -praktiken von Rotary ICC Deutschland-Philippinen haben, wenden Sie sich bitte an <a href=\"https:\/\/icc.eutech.org\/de\/contact-us\/\">Kontaktieren Sie uns<\/a>.<\/p>\t\t\t\t\t\t\t\t<\/div>\n\t\t\t\t<\/div>\n\t\t\t\t\t<\/div>\n\t\t\t\t<\/div>\n\t\t\t\t<\/div>","protected":false},"excerpt":{"rendered":"<p>Introduction Rotary ICC Germany-Philippines and The Rotary Foundation of Rotary International (individually or collectively, &#8220;Rotary ICC Germany-Philippines&#8221; or &#8220;we&#8221;) respect your privacy and are committed to protecting it through our compliance with this privacy policy (&#8220;Policy&#8221;). Maintaining the protection of the data entrusted to our care by our constituents is of the utmost importance to [&hellip;]<\/p>","protected":false},"author":1,"featured_media":0,"parent":0,"menu_order":0,"comment_status":"closed","ping_status":"closed","template":"","meta":{"_acf_changed":false,"footnotes":""},"class_list":["post-405","page","type-page","status-publish","hentry"],"acf":[],"_links":{"self":[{"href":"https:\/\/icc.eutech.org\/de\/wp-json\/wp\/v2\/pages\/405","targetHints":{"allow":["GET"]}}],"collection":[{"href":"https:\/\/icc.eutech.org\/de\/wp-json\/wp\/v2\/pages"}],"about":[{"href":"https:\/\/icc.eutech.org\/de\/wp-json\/wp\/v2\/types\/page"}],"author":[{"embeddable":true,"href":"https:\/\/icc.eutech.org\/de\/wp-json\/wp\/v2\/users\/1"}],"replies":[{"embeddable":true,"href":"https:\/\/icc.eutech.org\/de\/wp-json\/wp\/v2\/comments?post=405"}],"version-history":[{"count":7,"href":"https:\/\/icc.eutech.org\/de\/wp-json\/wp\/v2\/pages\/405\/revisions"}],"predecessor-version":[{"id":412,"href":"https:\/\/icc.eutech.org\/de\/wp-json\/wp\/v2\/pages\/405\/revisions\/412"}],"wp:attachment":[{"href":"https:\/\/icc.eutech.org\/de\/wp-json\/wp\/v2\/media?parent=405"}],"curies":[{"name":"wp","href":"https:\/\/api.w.org\/{rel}","templated":true}]}}