{"id":7,"date":"2024-01-31T08:47:07","date_gmt":"2024-01-31T08:47:07","guid":{"rendered":"https:\/\/germany-philippines-eutech-wordpress.rz.mup-digital.com\/?page_id=7"},"modified":"2025-08-13T17:42:41","modified_gmt":"2025-08-13T17:42:41","slug":"elementor-7","status":"publish","type":"page","link":"https:\/\/icc.eutech.org\/de\/","title":{"rendered":"Startseite"},"content":{"rendered":"<div data-elementor-type=\"wp-page\" data-elementor-id=\"7\" class=\"elementor elementor-7\" data-elementor-post-type=\"page\">\n\t\t\t\t<div class=\"elementor-element elementor-element-fa31ed1 e-con-full e-flex e-con e-parent\" data-id=\"fa31ed1\" data-element_type=\"container\" data-settings=\"{&quot;background_background&quot;:&quot;classic&quot;}\">\n\t\t\t\t<div class=\"elementor-element elementor-element-4ebc152 elementor-widget elementor-widget-heading\" data-id=\"4ebc152\" data-element_type=\"widget\" data-widget_type=\"heading.default\">\n\t\t\t\t<div class=\"elementor-widget-container\">\n\t\t\t\t\t<h1 class=\"elementor-heading-title elementor-size-default\">ICC Deutschland-Philippinen<\/h1>\t\t\t\t<\/div>\n\t\t\t\t<\/div>\n\t\t<div class=\"elementor-element elementor-element-31548a2 e-flex e-con-boxed e-con e-child\" data-id=\"31548a2\" data-element_type=\"container\">\n\t\t\t\t\t<div class=\"e-con-inner\">\n\t\t\t\t<div class=\"elementor-element elementor-element-51b2bb5 elementor-mobile-align-justify elementor-widget-mobile__width-initial elementor-align-justify elementor-widget__width-initial elementor-widget elementor-widget-button\" data-id=\"51b2bb5\" data-element_type=\"widget\" data-widget_type=\"button.default\">\n\t\t\t\t<div class=\"elementor-widget-container\">\n\t\t\t\t\t\t\t\t\t<div class=\"elementor-button-wrapper\">\n\t\t\t\t\t<a class=\"elementor-button elementor-button-link elementor-size-sm\" href=\"https:\/\/icc.eutech.org\/de\/about\/\">\n\t\t\t\t\t\t<span class=\"elementor-button-content-wrapper\">\n\t\t\t\t\t\t\t\t\t<span class=\"elementor-button-text\">\u00dcber die ICC<\/span>\n\t\t\t\t\t<\/span>\n\t\t\t\t\t<\/a>\n\t\t\t\t<\/div>\n\t\t\t\t\t\t\t\t<\/div>\n\t\t\t\t<\/div>\n\t\t\t\t<div class=\"elementor-element elementor-element-f5a0c19 elementor-mobile-align-justify elementor-widget-mobile__width-initial elementor-align-justify elementor-widget__width-initial elementor-widget elementor-widget-button\" data-id=\"f5a0c19\" data-element_type=\"widget\" data-widget_type=\"button.default\">\n\t\t\t\t<div class=\"elementor-widget-container\">\n\t\t\t\t\t\t\t\t\t<div class=\"elementor-button-wrapper\">\n\t\t\t\t\t<a class=\"elementor-button elementor-button-link elementor-size-sm\" href=\"https:\/\/icc.eutech.org\/de\/our-projects\/\">\n\t\t\t\t\t\t<span class=\"elementor-button-content-wrapper\">\n\t\t\t\t\t\t\t\t\t<span class=\"elementor-button-text\">Projekte<\/span>\n\t\t\t\t\t<\/span>\n\t\t\t\t\t<\/a>\n\t\t\t\t<\/div>\n\t\t\t\t\t\t\t\t<\/div>\n\t\t\t\t<\/div>\n\t\t\t\t\t<\/div>\n\t\t\t\t<\/div>\n\t\t\t\t<\/div>\n\t\t<div class=\"elementor-element elementor-element-e9cfbe8 e-con-full e-flex e-con e-parent\" data-id=\"e9cfbe8\" data-element_type=\"container\">\n\t\t\t\t<\/div>\n\t\t<div class=\"elementor-element elementor-element-db2e671 e-flex e-con-boxed e-con e-parent\" data-id=\"db2e671\" data-element_type=\"container\">\n\t\t\t\t\t<div class=\"e-con-inner\">\n\t\t\t\t<div class=\"elementor-element elementor-element-506a350 elementor-widget elementor-widget-text-editor\" data-id=\"506a350\" data-element_type=\"widget\" data-widget_type=\"text-editor.default\">\n\t\t\t\t<div class=\"elementor-widget-container\">\n\t\t\t\t\t\t\t\t\t<p>Transnationale Aussch\u00fcsse f\u00f6rdern die Beziehungen zwischen Distrikten und Clubs aus zwei oder mehr L\u00e4ndern. Sie st\u00e4rken die Freundschaft und das interkulturelle Verst\u00e4ndnis zwischen Menschen aus verschiedenen Nationen. Auf diese Weise tragen sie zum Weltfrieden bei.<\/p>\t\t\t\t\t\t\t\t<\/div>\n\t\t\t\t<\/div>\n\t\t\t\t\t<\/div>\n\t\t\t\t<\/div>\n\t\t<div class=\"elementor-element elementor-element-06cf2f1 e-flex e-con-boxed e-con e-parent\" data-id=\"06cf2f1\" data-element_type=\"container\">\n\t\t\t\t\t<div class=\"e-con-inner\">\n\t\t\t\t<div class=\"elementor-element elementor-element-830a690 elementor-widget elementor-widget-heading\" data-id=\"830a690\" data-element_type=\"widget\" data-widget_type=\"heading.default\">\n\t\t\t\t<div class=\"elementor-widget-container\">\n\t\t\t\t\t<h2 class=\"elementor-heading-title elementor-size-default\">Nachrichten\/Projekte<\/h2>\t\t\t\t<\/div>\n\t\t\t\t<\/div>\n\t\t\t\t\t<\/div>\n\t\t\t\t<\/div>\n\t\t<div class=\"elementor-element elementor-element-ae90ccb e-flex e-con-boxed e-con e-parent\" data-id=\"ae90ccb\" data-element_type=\"container\">\n\t\t\t\t\t<div class=\"e-con-inner\">\n\t\t<div class=\"elementor-element elementor-element-58e2fc7 e-con-full e-flex e-con e-child\" data-id=\"58e2fc7\" data-element_type=\"container\" data-settings=\"{&quot;background_background&quot;:&quot;classic&quot;}\">\n\t\t\t\t<div class=\"elementor-element elementor-element-7b78456 elementor-widget elementor-widget-heading\" data-id=\"7b78456\" data-element_type=\"widget\" data-widget_type=\"heading.default\">\n\t\t\t\t<div class=\"elementor-widget-container\">\n\t\t\t\t\t<h2 class=\"elementor-heading-title elementor-size-default\">Philippinen - Zugang zu sauberem Wasser erm\u00f6glichen<\/h2>\t\t\t\t<\/div>\n\t\t\t\t<\/div>\n\t\t\t\t<div class=\"elementor-element elementor-element-f0a8d65 elementor-widget elementor-widget-button\" data-id=\"f0a8d65\" data-element_type=\"widget\" data-widget_type=\"button.default\">\n\t\t\t\t<div class=\"elementor-widget-container\">\n\t\t\t\t\t\t\t\t\t<div class=\"elementor-button-wrapper\">\n\t\t\t\t\t<a class=\"elementor-button elementor-button-link elementor-size-sm\" href=\"https:\/\/icc.eutech.org\/de\/project\/philippines-enabling-access-to-clean-water\/\" target=\"_blank\">\n\t\t\t\t\t\t<span class=\"elementor-button-content-wrapper\">\n\t\t\t\t\t\t\t\t\t<span class=\"elementor-button-text\">Weiterlesen<\/span>\n\t\t\t\t\t<\/span>\n\t\t\t\t\t<\/a>\n\t\t\t\t<\/div>\n\t\t\t\t\t\t\t\t<\/div>\n\t\t\t\t<\/div>\n\t\t\t\t<\/div>\n\t\t<div class=\"elementor-element elementor-element-04542de e-con-full e-flex e-con e-child\" data-id=\"04542de\" data-element_type=\"container\" data-settings=\"{&quot;background_background&quot;:&quot;classic&quot;}\">\n\t\t\t\t<\/div>\n\t\t\t\t\t<\/div>\n\t\t\t\t<\/div>\n\t\t<div class=\"elementor-element elementor-element-6a4e8d6 e-flex e-con-boxed e-con e-parent\" data-id=\"6a4e8d6\" data-element_type=\"container\">\n\t\t\t\t\t<div class=\"e-con-inner\">\n\t\t<div class=\"elementor-element elementor-element-ea1db29 e-con-full e-flex e-con e-child\" data-id=\"ea1db29\" data-element_type=\"container\" data-settings=\"{&quot;background_background&quot;:&quot;classic&quot;}\">\n\t\t\t\t<div class=\"elementor-element elementor-element-af818c5 elementor-widget elementor-widget-heading\" data-id=\"af818c5\" data-element_type=\"widget\" data-widget_type=\"heading.default\">\n\t\t\t\t<div class=\"elementor-widget-container\">\n\t\t\t\t\t<h2 class=\"elementor-heading-title elementor-size-default\">Philippinen - Bildung im Wandel: Projekt \"Laptops f\u00fcr Hilfe<\/h2>\t\t\t\t<\/div>\n\t\t\t\t<\/div>\n\t\t\t\t<div class=\"elementor-element elementor-element-8bc08d9 elementor-widget elementor-widget-button\" data-id=\"8bc08d9\" data-element_type=\"widget\" data-widget_type=\"button.default\">\n\t\t\t\t<div class=\"elementor-widget-container\">\n\t\t\t\t\t\t\t\t\t<div class=\"elementor-button-wrapper\">\n\t\t\t\t\t<a class=\"elementor-button elementor-button-link elementor-size-sm\" href=\"https:\/\/icc.eutech.org\/de\/project\/philippines-transforming-education-laptops-for-aid-project\/\" target=\"_blank\">\n\t\t\t\t\t\t<span class=\"elementor-button-content-wrapper\">\n\t\t\t\t\t\t\t\t\t<span class=\"elementor-button-text\">Weiterlesen<\/span>\n\t\t\t\t\t<\/span>\n\t\t\t\t\t<\/a>\n\t\t\t\t<\/div>\n\t\t\t\t\t\t\t\t<\/div>\n\t\t\t\t<\/div>\n\t\t\t\t<\/div>\n\t\t<div class=\"elementor-element elementor-element-3381102 e-con-full e-flex e-con e-child\" data-id=\"3381102\" data-element_type=\"container\" data-settings=\"{&quot;background_background&quot;:&quot;classic&quot;}\">\n\t\t\t\t<\/div>\n\t\t\t\t\t<\/div>\n\t\t\t\t<\/div>\n\t\t<div class=\"elementor-element elementor-element-e1ff9da e-flex e-con-boxed e-con e-parent\" data-id=\"e1ff9da\" data-element_type=\"container\">\n\t\t\t\t\t<div class=\"e-con-inner\">\n\t\t\t\t<div class=\"elementor-element elementor-element-9b405bb elementor-widget elementor-widget-heading\" data-id=\"9b405bb\" data-element_type=\"widget\" data-widget_type=\"heading.default\">\n\t\t\t\t<div class=\"elementor-widget-container\">\n\t\t\t\t\t<h2 class=\"elementor-heading-title elementor-size-default\">Willkommensgru\u00df des Vorsitzenden<\/h2>\t\t\t\t<\/div>\n\t\t\t\t<\/div>\n\t\t\t\t<div class=\"elementor-element elementor-element-129a343 elementor-widget elementor-widget-text-editor\" data-id=\"129a343\" data-element_type=\"widget\" data-widget_type=\"text-editor.default\">\n\t\t\t\t<div class=\"elementor-widget-container\">\n\t\t\t\t\t\t\t\t\t<p>Willkommen auf der offiziellen Website des Rotary Inter Country Committee (ICC) f\u00fcr Deutschland und die Philippinen!<\/p>\t\t\t\t\t\t\t\t<\/div>\n\t\t\t\t<\/div>\n\t\t<div class=\"elementor-element elementor-element-3a524d1 e-con-full e-flex e-con e-child\" data-id=\"3a524d1\" data-element_type=\"container\">\n\t\t<div class=\"elementor-element elementor-element-01ed603 e-con-full e-flex e-con e-child\" data-id=\"01ed603\" data-element_type=\"container\">\n\t\t\t\t<div class=\"elementor-element elementor-element-275b850 elementor-widget elementor-widget-text-editor\" data-id=\"275b850\" data-element_type=\"widget\" data-widget_type=\"text-editor.default\">\n\t\t\t\t<div class=\"elementor-widget-container\">\n\t\t\t\t\t\t\t\t\t<p>Es ist ein Privileg, als Vorsitzender dieser einzigartigen und dynamischen Partnerschaft zwischen zwei Nationen zu fungieren, die sich dem Dienst an sich selbst verschrieben haben. Diese Plattform ist mehr als nur eine digitale Pr\u00e4senz - sie ist ein Beweis f\u00fcr die Kraft der internationalen Zusammenarbeit, bei der sich Deutschland und die Philippinen zusammentun, um dauerhafte L\u00f6sungen zu entwickeln und bed\u00fcrftigen Gemeinschaften Hoffnung zu geben.<\/p><p>Im Laufe meines Lebens und meiner Karriere habe ich mich stets f\u00fcr eine nachhaltige Infrastruktur und Technik f\u00fcr eine bessere Zukunft eingesetzt. Als Pr\u00e4sident der SIERA Alliance hatte ich das Gl\u00fcck, Teams auf der ganzen Welt zu leiten, die wirkungsvolle, gemeinschaftsorientierte L\u00f6sungen bereitstellten - von solarbetriebenen Wassersystemen bis hin zu widerstandsf\u00e4higen Wohnungen und sauberen Energieprojekten.<\/p><p>Unsere Arbeit ist eng mit dem Auftrag der Mustard Seed Foundation verbunden, die durch eine vom Glauben getragene, nachhaltige Entwicklung kleine, aber wirkungsvolle Samen der Ver\u00e4nderung s\u00e4t - insbesondere in unterversorgten Gemeinden.<\/p><p>Die l\u00e4nder\u00fcbergreifenden Aussch\u00fcsse von Rotary sind ein Symbol daf\u00fcr, was erreicht werden kann, wenn sich Menschen \u00fcber Kulturen hinweg f\u00fcr das Gemeinwohl einsetzen. Ich lade Sie ein, diese Plattform zu erkunden, sich \u00fcber unsere Projekte zu informieren und uns dabei zu unterst\u00fctzen, Br\u00fccken der Verst\u00e4ndigung und des Fortschritts zwischen Deutschland und den Philippinen zu bauen.<\/p><p><strong>Herzliche Gr\u00fc\u00dfe,<\/strong><\/p><p><strong>Dipl.-Ing. Florian Von Tucher<\/strong><\/p>\t\t\t\t\t\t\t\t<\/div>\n\t\t\t\t<\/div>\n\t\t\t\t<\/div>\n\t\t<div class=\"elementor-element elementor-element-215c819 e-con-full e-flex e-con e-child\" data-id=\"215c819\" data-element_type=\"container\">\n\t\t\t\t<div class=\"elementor-element elementor-element-70645c8 elementor-widget elementor-widget-image\" data-id=\"70645c8\" data-element_type=\"widget\" data-widget_type=\"image.default\">\n\t\t\t\t<div class=\"elementor-widget-container\">\n\t\t\t\t\t\t\t\t\t\t\t\t\t\t\t<img fetchpriority=\"high\" decoding=\"async\" width=\"609\" height=\"488\" src=\"https:\/\/icc.eutech.org\/wp-content\/uploads\/2025\/07\/florian-von-tucher.jpg\" class=\"attachment-large size-large wp-image-572\" alt=\"\" srcset=\"https:\/\/icc.eutech.org\/wp-content\/uploads\/2025\/07\/florian-von-tucher.jpg 609w, https:\/\/icc.eutech.org\/wp-content\/uploads\/2025\/07\/florian-von-tucher-300x240.jpg 300w, https:\/\/icc.eutech.org\/wp-content\/uploads\/2025\/07\/florian-von-tucher-15x12.jpg 15w\" sizes=\"(max-width: 609px) 100vw, 609px\" \/>\t\t\t\t\t\t\t\t\t\t\t\t\t\t\t<\/div>\n\t\t\t\t<\/div>\n\t\t\t\t<div class=\"elementor-element elementor-element-c8589e9 elementor-widget elementor-widget-text-editor\" data-id=\"c8589e9\" data-element_type=\"widget\" data-widget_type=\"text-editor.default\">\n\t\t\t\t<div class=\"elementor-widget-container\">\n\t\t\t\t\t\t\t\t\t<p><strong>Dipl.-Ing. Florian Von Tucher<\/strong><br \/>Vorsitzender des l\u00e4nder\u00fcbergreifenden Rotary-Ausschusses - Deutschland und Philippinen<\/p>\t\t\t\t\t\t\t\t<\/div>\n\t\t\t\t<\/div>\n\t\t\t\t<\/div>\n\t\t\t\t<\/div>\n\t\t\t\t\t<\/div>\n\t\t\t\t<\/div>\n\t\t\t\t<\/div>","protected":false},"excerpt":{"rendered":"<p>ICC Deutschland-Philippinen \u00dcber die ICC-Projekte Transnationale Aussch\u00fcsse f\u00f6rdern die Beziehungen zwischen Distrikten und Clubs aus zwei oder mehr L\u00e4ndern. Sie st\u00e4rken die Freundschaft und das interkulturelle Verst\u00e4ndnis zwischen Menschen aus verschiedenen Nationen. Auf diese Weise tragen sie zum Weltfrieden bei. News\/Projekte Philippinen - Zugang zu sauberem Wasser erm\u00f6glichen Weiterlesen Philippinen - Bildung im Wandel: Projekt \"Laptops for Aid\" [...]<\/p>","protected":false},"author":1,"featured_media":0,"parent":0,"menu_order":0,"comment_status":"closed","ping_status":"closed","template":"elementor_header_footer","meta":{"_acf_changed":false,"footnotes":""},"class_list":["post-7","page","type-page","status-publish","hentry"],"acf":[],"_links":{"self":[{"href":"https:\/\/icc.eutech.org\/de\/wp-json\/wp\/v2\/pages\/7","targetHints":{"allow":["GET"]}}],"collection":[{"href":"https:\/\/icc.eutech.org\/de\/wp-json\/wp\/v2\/pages"}],"about":[{"href":"https:\/\/icc.eutech.org\/de\/wp-json\/wp\/v2\/types\/page"}],"author":[{"embeddable":true,"href":"https:\/\/icc.eutech.org\/de\/wp-json\/wp\/v2\/users\/1"}],"replies":[{"embeddable":true,"href":"https:\/\/icc.eutech.org\/de\/wp-json\/wp\/v2\/comments?post=7"}],"version-history":[{"count":97,"href":"https:\/\/icc.eutech.org\/de\/wp-json\/wp\/v2\/pages\/7\/revisions"}],"predecessor-version":[{"id":626,"href":"https:\/\/icc.eutech.org\/de\/wp-json\/wp\/v2\/pages\/7\/revisions\/626"}],"wp:attachment":[{"href":"https:\/\/icc.eutech.org\/de\/wp-json\/wp\/v2\/media?parent=7"}],"curies":[{"name":"wp","href":"https:\/\/api.w.org\/{rel}","templated":true}]}}